{"id":16085,"date":"2026-03-02T09:48:13","date_gmt":"2026-03-02T08:48:13","guid":{"rendered":"https:\/\/praeventionsguide.de\/?page_id=16085"},"modified":"2026-03-03T15:15:29","modified_gmt":"2026-03-03T14:15:29","slug":"praeventionhoch2","status":"publish","type":"page","link":"https:\/\/praeventionsguide.de\/index.php\/praeventionhoch2\/","title":{"rendered":"pr\u00e4vention.hoch2"},"content":{"rendered":"<div class='flex_column_table av-mm8xmgvh-b0f0a2cfb020b8eb9fb0e3d8d0466de7 sc-av_one_half av-equal-height-column-flextable'>\n<style type=\"text\/css\" data-created_by=\"avia_inline_auto\" id=\"style-css-av-mm8xmgvh-b0f0a2cfb020b8eb9fb0e3d8d0466de7\">\n.flex_column.av-mm8xmgvh-b0f0a2cfb020b8eb9fb0e3d8d0466de7{\npadding:5% 5% 5% 5%;\nbackground-color:#4dee9e;\n}\n<\/style>\n<div  class='flex_column av-mm8xmgvh-b0f0a2cfb020b8eb9fb0e3d8d0466de7 av_one_half  avia-builder-el-0  el_before_av_one_half  avia-builder-el-first  first no_margin flex_column_table_cell av-equal-height-column av-align-top  '     ><style type=\"text\/css\" data-created_by=\"avia_inline_auto\" id=\"style-css-av-mm8xo5jv-da82706fcac684f6accff166c2fe4af1\">\n.avia-image-container.av-mm8xo5jv-da82706fcac684f6accff166c2fe4af1 img.avia_image{\nbox-shadow:none;\n}\n.avia-image-container.av-mm8xo5jv-da82706fcac684f6accff166c2fe4af1 .av-image-caption-overlay-center{\ncolor:#ffffff;\n}\n<\/style>\n<div  class='avia-image-container av-mm8xo5jv-da82706fcac684f6accff166c2fe4af1 av-styling- avia-align-center  avia-builder-el-1  avia-builder-el-no-sibling '   itemprop=\"image\" itemscope=\"itemscope\" itemtype=\"https:\/\/schema.org\/ImageObject\" ><div class=\"avia-image-container-inner\"><div class=\"avia-image-overlay-wrap\"><img decoding=\"async\" fetchpriority=\"high\" class='wp-image-16075 avia-img-lazy-loading-not-16075 avia_image ' src=\"https:\/\/praeventionsguide.de\/wp-content\/uploads\/2026\/03\/Logo-praevention.hoch2_-300x300.png\" alt='' title='Logo pr\u00e4vention.hoch2'  height=\"300\" width=\"300\"  itemprop=\"thumbnailUrl\" srcset=\"https:\/\/praeventionsguide.de\/wp-content\/uploads\/2026\/03\/Logo-praevention.hoch2_-300x300.png 300w, https:\/\/praeventionsguide.de\/wp-content\/uploads\/2026\/03\/Logo-praevention.hoch2_-1030x1030.png 1030w, https:\/\/praeventionsguide.de\/wp-content\/uploads\/2026\/03\/Logo-praevention.hoch2_-80x80.png 80w, https:\/\/praeventionsguide.de\/wp-content\/uploads\/2026\/03\/Logo-praevention.hoch2_-768x768.png 768w, https:\/\/praeventionsguide.de\/wp-content\/uploads\/2026\/03\/Logo-praevention.hoch2_-1536x1536.png 1536w, https:\/\/praeventionsguide.de\/wp-content\/uploads\/2026\/03\/Logo-praevention.hoch2_-2048x2048.png 2048w, https:\/\/praeventionsguide.de\/wp-content\/uploads\/2026\/03\/Logo-praevention.hoch2_-36x36.png 36w, https:\/\/praeventionsguide.de\/wp-content\/uploads\/2026\/03\/Logo-praevention.hoch2_-180x180.png 180w, https:\/\/praeventionsguide.de\/wp-content\/uploads\/2026\/03\/Logo-praevention.hoch2_-1500x1500.png 1500w, https:\/\/praeventionsguide.de\/wp-content\/uploads\/2026\/03\/Logo-praevention.hoch2_-705x705.png 705w\" sizes=\"(max-width: 300px) 100vw, 300px\" \/><\/div><\/div><\/div><\/div>\n\n<style type=\"text\/css\" data-created_by=\"avia_inline_auto\" id=\"style-css-av-mm8xnnec-f14a3598fc8404b388b2f464fadc198f\">\n.flex_column.av-mm8xnnec-f14a3598fc8404b388b2f464fadc198f{\npadding:2% 2% 2% 2%;\nbackground-color:#cffbe6;\n}\n<\/style>\n<div  class='flex_column av-mm8xnnec-f14a3598fc8404b388b2f464fadc198f av_one_half  avia-builder-el-2  el_after_av_one_half  avia-builder-el-last  no_margin flex_column_table_cell av-equal-height-column av-align-top  '     ><style type=\"text\/css\" data-created_by=\"avia_inline_auto\" id=\"style-css-av-mm8xpjvo-4ad20214a4f3cf40fcc3d78b5440bcec\">\n#top .av_textblock_section.av-mm8xpjvo-4ad20214a4f3cf40fcc3d78b5440bcec .avia_textblock{\ncolor:#001972;\ntext-align:center;\n}\n<\/style>\n<section  class='av_textblock_section av-mm8xpjvo-4ad20214a4f3cf40fcc3d78b5440bcec '   itemscope=\"itemscope\" itemtype=\"https:\/\/schema.org\/CreativeWork\" ><div class='avia_textblock av_inherit_color'  itemprop=\"text\" ><h3><\/h3>\n<h3><\/h3>\n<h3><\/h3>\n<p style=\"text-align: left;\"><span data-contrast=\"auto\">Das im Rahmen des BMAS Projektf\u00f6rderschwerpunkt \u201eGesunde Arbeit f\u00fcr k\u00f6rperlich stark belastete Berufsgruppen\u201c gef\u00f6rderte Projekt \u201epr\u00e4vention.hoch2\u201c baut auf den von systemkonzept im Rahmen des ASUG Projekts PsyGAP (2024-2025) entwickelten und webbasiert umgesetzten Pr\u00e4ventionsguides (PGPsych und PGPhys) auf.\u00a0<\/span><\/p>\n<p style=\"text-align: left;\"><span data-contrast=\"auto\">Gegenstand des Vorhabens sind:\u00a0 <\/span><span data-ccp-props=\"{\">\u00a0<\/span><\/p>\n<ul>\n<li style=\"text-align: left;\"><span data-contrast=\"auto\">Entwicklung eines Vorgehens zur Nutzung der Pr\u00e4ventionsguides im Rahmen eines ganzheitlichen betrieblichen Gesundheitsmanagement f\u00fcr die Zielgruppe der internen betrieblichen Berater:innen (beispielsweise Fachkr\u00e4fte f\u00fcr Arbeitssicherheit, Betriebs\u00e4rzt:innen, BGF-Beauftragte, BEM-Beauftrage usw.)\u00a0\u00a0<\/span><span data-ccp-props=\"{\">\u00a0<\/span><\/li>\n<li style=\"text-align: left;\"><span data-contrast=\"auto\">inhaltliche Weiterentwicklung der Pr\u00e4ventionsguides f\u00fcr die Pflegebranche\u00a0\u00a0<\/span><span data-ccp-props=\"{\">\u00a0<\/span><\/li>\n<li style=\"text-align: left;\"><span data-contrast=\"auto\">Entwicklung eines Prototyps eines KI-Chatbot f\u00fcr die Pr\u00e4ventionsguides\u00a0\u00a0<\/span><\/li>\n<li style=\"text-align: left;\"><span data-contrast=\"auto\">Erstellung eines Konzepts zur Qualit\u00e4tssicherung und Verstetigung der Pr\u00e4ventionsguides\u00a0\u00a0<\/span><span data-ccp-props=\"{\">\u00a0<\/span><\/li>\n<\/ul>\n<\/div><\/section><\/div><\/div><!--close column table wrapper. Autoclose: 1 -->\n","protected":false},"excerpt":{"rendered":"","protected":false},"author":4,"featured_media":0,"parent":0,"menu_order":0,"comment_status":"closed","ping_status":"closed","template":"","meta":{"inline_featured_image":false,"footnotes":""},"class_list":["post-16085","page","type-page","status-publish","hentry"],"yoast_head":"<!-- This site is optimized with the Yoast SEO plugin v27.3 - https:\/\/yoast.com\/product\/yoast-seo-wordpress\/ -->\n<title>pr\u00e4vention.hoch2 - Pr\u00e4ventionsguide<\/title>\n<meta name=\"robots\" content=\"index, follow, max-snippet:-1, max-image-preview:large, max-video-preview:-1\" \/>\n<link rel=\"canonical\" href=\"https:\/\/praeventionsguide.de\/index.php\/praeventionhoch2\/\" \/>\n<meta property=\"og:locale\" content=\"de_DE\" \/>\n<meta property=\"og:type\" content=\"article\" \/>\n<meta property=\"og:title\" content=\"pr\u00e4vention.hoch2 - Pr\u00e4ventionsguide\" \/>\n<meta property=\"og:url\" content=\"https:\/\/praeventionsguide.de\/index.php\/praeventionhoch2\/\" \/>\n<meta property=\"og:site_name\" content=\"Pr\u00e4ventionsguide\" \/>\n<meta property=\"article:modified_time\" content=\"2026-03-03T14:15:29+00:00\" \/>\n<meta name=\"twitter:card\" content=\"summary_large_image\" \/>\n<meta name=\"twitter:label1\" content=\"Gesch\u00e4tzte Lesezeit\" \/>\n\t<meta name=\"twitter:data1\" content=\"1\u00a0Minute\" \/>\n<script type=\"application\/ld+json\" class=\"yoast-schema-graph\">{\"@context\":\"https:\\\/\\\/schema.org\",\"@graph\":[{\"@type\":\"WebPage\",\"@id\":\"https:\\\/\\\/praeventionsguide.de\\\/index.php\\\/praeventionhoch2\\\/\",\"url\":\"https:\\\/\\\/praeventionsguide.de\\\/index.php\\\/praeventionhoch2\\\/\",\"name\":\"pr\u00e4vention.hoch2 - Pr\u00e4ventionsguide\",\"isPartOf\":{\"@id\":\"https:\\\/\\\/praeventionsguide.de\\\/#website\"},\"datePublished\":\"2026-03-02T08:48:13+00:00\",\"dateModified\":\"2026-03-03T14:15:29+00:00\",\"breadcrumb\":{\"@id\":\"https:\\\/\\\/praeventionsguide.de\\\/index.php\\\/praeventionhoch2\\\/#breadcrumb\"},\"inLanguage\":\"de\",\"potentialAction\":[{\"@type\":\"ReadAction\",\"target\":[\"https:\\\/\\\/praeventionsguide.de\\\/index.php\\\/praeventionhoch2\\\/\"]}]},{\"@type\":\"BreadcrumbList\",\"@id\":\"https:\\\/\\\/praeventionsguide.de\\\/index.php\\\/praeventionhoch2\\\/#breadcrumb\",\"itemListElement\":[{\"@type\":\"ListItem\",\"position\":1,\"name\":\"Start\",\"item\":\"https:\\\/\\\/praeventionsguide.de\\\/index.php\\\/startseite\\\/\"},{\"@type\":\"ListItem\",\"position\":2,\"name\":\"pr\u00e4vention.hoch2\"}]},{\"@type\":\"WebSite\",\"@id\":\"https:\\\/\\\/praeventionsguide.de\\\/#website\",\"url\":\"https:\\\/\\\/praeventionsguide.de\\\/\",\"name\":\"Pr\u00e4ventionsguide\",\"description\":\"\",\"publisher\":{\"@id\":\"https:\\\/\\\/praeventionsguide.de\\\/#organization\"},\"potentialAction\":[{\"@type\":\"SearchAction\",\"target\":{\"@type\":\"EntryPoint\",\"urlTemplate\":\"https:\\\/\\\/praeventionsguide.de\\\/?s={search_term_string}\"},\"query-input\":{\"@type\":\"PropertyValueSpecification\",\"valueRequired\":true,\"valueName\":\"search_term_string\"}}],\"inLanguage\":\"de\"},{\"@type\":\"Organization\",\"@id\":\"https:\\\/\\\/praeventionsguide.de\\\/#organization\",\"name\":\"Pr\u00e4ventionsguide\",\"url\":\"https:\\\/\\\/praeventionsguide.de\\\/\",\"logo\":{\"@type\":\"ImageObject\",\"inLanguage\":\"de\",\"@id\":\"https:\\\/\\\/praeventionsguide.de\\\/#\\\/schema\\\/logo\\\/image\\\/\",\"url\":\"https:\\\/\\\/praeventionsguide.de\\\/wp-content\\\/uploads\\\/2024\\\/03\\\/sk-Zeichen.jpg\",\"contentUrl\":\"https:\\\/\\\/praeventionsguide.de\\\/wp-content\\\/uploads\\\/2024\\\/03\\\/sk-Zeichen.jpg\",\"width\":832,\"height\":600,\"caption\":\"Pr\u00e4ventionsguide\"},\"image\":{\"@id\":\"https:\\\/\\\/praeventionsguide.de\\\/#\\\/schema\\\/logo\\\/image\\\/\"}}]}<\/script>\n<!-- \/ Yoast SEO plugin. -->","yoast_head_json":{"title":"pr\u00e4vention.hoch2 - Pr\u00e4ventionsguide","robots":{"index":"index","follow":"follow","max-snippet":"max-snippet:-1","max-image-preview":"max-image-preview:large","max-video-preview":"max-video-preview:-1"},"canonical":"https:\/\/praeventionsguide.de\/index.php\/praeventionhoch2\/","og_locale":"de_DE","og_type":"article","og_title":"pr\u00e4vention.hoch2 - Pr\u00e4ventionsguide","og_url":"https:\/\/praeventionsguide.de\/index.php\/praeventionhoch2\/","og_site_name":"Pr\u00e4ventionsguide","article_modified_time":"2026-03-03T14:15:29+00:00","twitter_card":"summary_large_image","twitter_misc":{"Gesch\u00e4tzte Lesezeit":"1\u00a0Minute"},"schema":{"@context":"https:\/\/schema.org","@graph":[{"@type":"WebPage","@id":"https:\/\/praeventionsguide.de\/index.php\/praeventionhoch2\/","url":"https:\/\/praeventionsguide.de\/index.php\/praeventionhoch2\/","name":"pr\u00e4vention.hoch2 - Pr\u00e4ventionsguide","isPartOf":{"@id":"https:\/\/praeventionsguide.de\/#website"},"datePublished":"2026-03-02T08:48:13+00:00","dateModified":"2026-03-03T14:15:29+00:00","breadcrumb":{"@id":"https:\/\/praeventionsguide.de\/index.php\/praeventionhoch2\/#breadcrumb"},"inLanguage":"de","potentialAction":[{"@type":"ReadAction","target":["https:\/\/praeventionsguide.de\/index.php\/praeventionhoch2\/"]}]},{"@type":"BreadcrumbList","@id":"https:\/\/praeventionsguide.de\/index.php\/praeventionhoch2\/#breadcrumb","itemListElement":[{"@type":"ListItem","position":1,"name":"Start","item":"https:\/\/praeventionsguide.de\/index.php\/startseite\/"},{"@type":"ListItem","position":2,"name":"pr\u00e4vention.hoch2"}]},{"@type":"WebSite","@id":"https:\/\/praeventionsguide.de\/#website","url":"https:\/\/praeventionsguide.de\/","name":"Pr\u00e4ventionsguide","description":"","publisher":{"@id":"https:\/\/praeventionsguide.de\/#organization"},"potentialAction":[{"@type":"SearchAction","target":{"@type":"EntryPoint","urlTemplate":"https:\/\/praeventionsguide.de\/?s={search_term_string}"},"query-input":{"@type":"PropertyValueSpecification","valueRequired":true,"valueName":"search_term_string"}}],"inLanguage":"de"},{"@type":"Organization","@id":"https:\/\/praeventionsguide.de\/#organization","name":"Pr\u00e4ventionsguide","url":"https:\/\/praeventionsguide.de\/","logo":{"@type":"ImageObject","inLanguage":"de","@id":"https:\/\/praeventionsguide.de\/#\/schema\/logo\/image\/","url":"https:\/\/praeventionsguide.de\/wp-content\/uploads\/2024\/03\/sk-Zeichen.jpg","contentUrl":"https:\/\/praeventionsguide.de\/wp-content\/uploads\/2024\/03\/sk-Zeichen.jpg","width":832,"height":600,"caption":"Pr\u00e4ventionsguide"},"image":{"@id":"https:\/\/praeventionsguide.de\/#\/schema\/logo\/image\/"}}]}},"jetpack-related-posts":[],"jetpack_sharing_enabled":true,"_links":{"self":[{"href":"https:\/\/praeventionsguide.de\/index.php\/wp-json\/wp\/v2\/pages\/16085","targetHints":{"allow":["GET"]}}],"collection":[{"href":"https:\/\/praeventionsguide.de\/index.php\/wp-json\/wp\/v2\/pages"}],"about":[{"href":"https:\/\/praeventionsguide.de\/index.php\/wp-json\/wp\/v2\/types\/page"}],"author":[{"embeddable":true,"href":"https:\/\/praeventionsguide.de\/index.php\/wp-json\/wp\/v2\/users\/4"}],"replies":[{"embeddable":true,"href":"https:\/\/praeventionsguide.de\/index.php\/wp-json\/wp\/v2\/comments?post=16085"}],"version-history":[{"count":11,"href":"https:\/\/praeventionsguide.de\/index.php\/wp-json\/wp\/v2\/pages\/16085\/revisions"}],"predecessor-version":[{"id":16160,"href":"https:\/\/praeventionsguide.de\/index.php\/wp-json\/wp\/v2\/pages\/16085\/revisions\/16160"}],"wp:attachment":[{"href":"https:\/\/praeventionsguide.de\/index.php\/wp-json\/wp\/v2\/media?parent=16085"}],"curies":[{"name":"wp","href":"https:\/\/api.w.org\/{rel}","templated":true}]}}