{"id":16072,"date":"2026-03-02T09:31:33","date_gmt":"2026-03-02T08:31:33","guid":{"rendered":"https:\/\/praeventionsguide.de\/?page_id=16072"},"modified":"2026-03-05T15:39:10","modified_gmt":"2026-03-05T14:39:10","slug":"startseite","status":"publish","type":"page","link":"https:\/\/praeventionsguide.de\/","title":{"rendered":"Pr\u00e4ventionsguides"},"content":{"rendered":"<div  class='flex_column av-1axx3uw-93f2aa90d3e188c61684cb7d66d6bfcb av_one_full  avia-builder-el-0  el_before_av_one_half  avia-builder-el-first  first flex_column_div  '     ><style type=\"text\/css\" data-created_by=\"avia_inline_auto\" id=\"style-css-av-mm8xarax-aab46c98f5da903c12d5d6ea755523e0\">\n#top .av_textblock_section.av-mm8xarax-aab46c98f5da903c12d5d6ea755523e0 .avia_textblock{\ncolor:#001972;\n}\n<\/style>\n<section  class='av_textblock_section av-mm8xarax-aab46c98f5da903c12d5d6ea755523e0 '   itemscope=\"itemscope\" itemtype=\"https:\/\/schema.org\/CreativeWork\" ><div class='avia_textblock av_inherit_color'  itemprop=\"text\" ><h1 style=\"text-align: center;\">PR\u00c4VENTIONSGUIDES<\/h1>\n<p style=\"text-align: center;\">Hier k\u00f6nnen Sie den passenden Pr\u00e4ventionsguide ausw\u00e4hlen:<\/p>\n<\/div><\/section><\/div>\n<div class='flex_column_table av-mm4snutk-7533094be6654ba36456d59a0e81719c sc-av_one_half av-equal-height-column-flextable'><div  class='flex_column av-mm4snutk-7533094be6654ba36456d59a0e81719c av_one_half  avia-builder-el-2  el_after_av_one_full  el_before_av_one_half  first flex_column_table_cell av-equal-height-column av-align-top  column-top-margin'     ><style type=\"text\/css\" data-created_by=\"avia_inline_auto\" id=\"style-css-av-mm8x1ip4-64c4cb05cffa61ec3d357e5673cdf758\">\n.avia-image-container.av-mm8x1ip4-64c4cb05cffa61ec3d357e5673cdf758 img.avia_image{\nbox-shadow:none;\n}\n.avia-image-container.av-mm8x1ip4-64c4cb05cffa61ec3d357e5673cdf758 .av-image-caption-overlay-center{\ncolor:#ffffff;\n}\n<\/style>\n<div  class='avia-image-container av-mm8x1ip4-64c4cb05cffa61ec3d357e5673cdf758 av-styling- avia-align-center  avia-builder-el-3  avia-builder-el-no-sibling '   itemprop=\"image\" itemscope=\"itemscope\" itemtype=\"https:\/\/schema.org\/ImageObject\" ><div class=\"avia-image-container-inner\"><div class=\"avia-image-overlay-wrap\"><a href=\"https:\/\/praeventionsguidepsyche.de\/\" class='avia_image' target=\"_blank\" rel=\"noopener noreferrer\" aria-label='PGPsych'><img decoding=\"async\" fetchpriority=\"high\" class='wp-image-16124 avia-img-lazy-loading-not-16124 avia_image ' src=\"https:\/\/praeventionsguide.de\/wp-content\/uploads\/2026\/03\/PGPsych.png\" alt='Hier entlang zum Pr\u00e4ventionsguide Psyche' title='PGPsych'  height=\"1340\" width=\"2400\"  itemprop=\"thumbnailUrl\" srcset=\"https:\/\/praeventionsguide.de\/wp-content\/uploads\/2026\/03\/PGPsych.png 2400w, https:\/\/praeventionsguide.de\/wp-content\/uploads\/2026\/03\/PGPsych-300x168.png 300w, https:\/\/praeventionsguide.de\/wp-content\/uploads\/2026\/03\/PGPsych-1030x575.png 1030w, https:\/\/praeventionsguide.de\/wp-content\/uploads\/2026\/03\/PGPsych-768x429.png 768w, https:\/\/praeventionsguide.de\/wp-content\/uploads\/2026\/03\/PGPsych-1536x858.png 1536w, https:\/\/praeventionsguide.de\/wp-content\/uploads\/2026\/03\/PGPsych-2048x1143.png 2048w, https:\/\/praeventionsguide.de\/wp-content\/uploads\/2026\/03\/PGPsych-1500x838.png 1500w, https:\/\/praeventionsguide.de\/wp-content\/uploads\/2026\/03\/PGPsych-705x394.png 705w\" sizes=\"(max-width: 2400px) 100vw, 2400px\" \/><\/a><\/div><\/div><\/div><\/div>\n<div class='av-flex-placeholder'><\/div><div  class='flex_column av-3f3so2w-405aa6dddf78103755015d99c3606c1f av_one_half  avia-builder-el-4  el_after_av_one_half  el_before_av_one_half  flex_column_table_cell av-equal-height-column av-align-top  column-top-margin'     ><style type=\"text\/css\" data-created_by=\"avia_inline_auto\" id=\"style-css-av-mm8x43dt-966bbed74f26317930ab209461787bfc\">\n.avia-image-container.av-mm8x43dt-966bbed74f26317930ab209461787bfc img.avia_image{\nbox-shadow:none;\n}\n.avia-image-container.av-mm8x43dt-966bbed74f26317930ab209461787bfc .av-image-caption-overlay-center{\ncolor:#ffffff;\n}\n<\/style>\n<div  class='avia-image-container av-mm8x43dt-966bbed74f26317930ab209461787bfc av-styling- avia-align-center  avia-builder-el-5  avia-builder-el-no-sibling '   itemprop=\"image\" itemscope=\"itemscope\" itemtype=\"https:\/\/schema.org\/ImageObject\" ><div class=\"avia-image-container-inner\"><div class=\"avia-image-overlay-wrap\"><a href=\"https:\/\/praeventionsguidephysis.de\/\" class='avia_image' target=\"_blank\" rel=\"noopener noreferrer\" aria-label='Wegweiser PGPhys'><img decoding=\"async\" fetchpriority=\"high\" class='wp-image-16125 avia-img-lazy-loading-not-16125 avia_image ' src=\"https:\/\/praeventionsguide.de\/wp-content\/uploads\/2026\/03\/Wegweiser-PGPhys.png\" alt='Hier entlang zum Pr\u00e4ventionsguide Physis' title='Wegweiser PGPhys'  height=\"1072\" width=\"1920\"  itemprop=\"thumbnailUrl\" srcset=\"https:\/\/praeventionsguide.de\/wp-content\/uploads\/2026\/03\/Wegweiser-PGPhys.png 1920w, https:\/\/praeventionsguide.de\/wp-content\/uploads\/2026\/03\/Wegweiser-PGPhys-300x168.png 300w, https:\/\/praeventionsguide.de\/wp-content\/uploads\/2026\/03\/Wegweiser-PGPhys-1030x575.png 1030w, https:\/\/praeventionsguide.de\/wp-content\/uploads\/2026\/03\/Wegweiser-PGPhys-768x429.png 768w, https:\/\/praeventionsguide.de\/wp-content\/uploads\/2026\/03\/Wegweiser-PGPhys-1536x858.png 1536w, https:\/\/praeventionsguide.de\/wp-content\/uploads\/2026\/03\/Wegweiser-PGPhys-1500x838.png 1500w, https:\/\/praeventionsguide.de\/wp-content\/uploads\/2026\/03\/Wegweiser-PGPhys-705x394.png 705w\" sizes=\"(max-width: 1920px) 100vw, 1920px\" \/><\/a><\/div><\/div><\/div><\/div><\/div><!--close column table wrapper. Autoclose: 1 -->\n<div  class='flex_column av-32q3kmg-d8aa19f4d95cf081e484a39f70a24a7f av_one_half  avia-builder-el-6  el_after_av_one_half  el_before_av_one_half  first flex_column_div  column-top-margin'     ><style type=\"text\/css\" data-created_by=\"avia_inline_auto\" id=\"style-css-av-2i09v48-47153a4adb52645a56163584171a9628\">\n.avia-image-container.av-2i09v48-47153a4adb52645a56163584171a9628 img.avia_image{\nbox-shadow:none;\n}\n.avia-image-container.av-2i09v48-47153a4adb52645a56163584171a9628 .av-image-caption-overlay-center{\ncolor:#ffffff;\n}\n<\/style>\n<div  class='avia-image-container av-2i09v48-47153a4adb52645a56163584171a9628 av-styling- avia-align-center  avia-builder-el-7  avia-builder-el-no-sibling '   itemprop=\"image\" itemscope=\"itemscope\" itemtype=\"https:\/\/schema.org\/ImageObject\" ><div class=\"avia-image-container-inner\"><div class=\"avia-image-overlay-wrap\"><img decoding=\"async\" fetchpriority=\"high\" class='wp-image-16148 avia-img-lazy-loading-not-16148 avia_image ' src=\"https:\/\/praeventionsguide.de\/wp-content\/uploads\/2026\/03\/PGPsych-Pflege-bald-verfuegbar.png\" alt='Bald verf\u00fcgbar: Pr\u00e4ventionsguide Psyche f\u00fcr Pflege' title='PGPsych Pflege bald verfu\u0308gbar'  height=\"1340\" width=\"2400\"  itemprop=\"thumbnailUrl\" srcset=\"https:\/\/praeventionsguide.de\/wp-content\/uploads\/2026\/03\/PGPsych-Pflege-bald-verfuegbar.png 2400w, https:\/\/praeventionsguide.de\/wp-content\/uploads\/2026\/03\/PGPsych-Pflege-bald-verfuegbar-300x168.png 300w, https:\/\/praeventionsguide.de\/wp-content\/uploads\/2026\/03\/PGPsych-Pflege-bald-verfuegbar-1030x575.png 1030w, https:\/\/praeventionsguide.de\/wp-content\/uploads\/2026\/03\/PGPsych-Pflege-bald-verfuegbar-768x429.png 768w, https:\/\/praeventionsguide.de\/wp-content\/uploads\/2026\/03\/PGPsych-Pflege-bald-verfuegbar-1536x858.png 1536w, https:\/\/praeventionsguide.de\/wp-content\/uploads\/2026\/03\/PGPsych-Pflege-bald-verfuegbar-2048x1143.png 2048w, https:\/\/praeventionsguide.de\/wp-content\/uploads\/2026\/03\/PGPsych-Pflege-bald-verfuegbar-1500x838.png 1500w, https:\/\/praeventionsguide.de\/wp-content\/uploads\/2026\/03\/PGPsych-Pflege-bald-verfuegbar-705x394.png 705w\" sizes=\"(max-width: 2400px) 100vw, 2400px\" \/><\/div><\/div><\/div><\/div><div  class='flex_column av-26btjpk-c514b8d8ca6cab3dabaafb472663474f av_one_half  avia-builder-el-8  el_after_av_one_half  el_before_av_hr  flex_column_div  column-top-margin'     ><style type=\"text\/css\" data-created_by=\"avia_inline_auto\" id=\"style-css-av-1soc7u0-b6a81c2e76c6af0ac872827203dad27a\">\n.avia-image-container.av-1soc7u0-b6a81c2e76c6af0ac872827203dad27a img.avia_image{\nbox-shadow:none;\n}\n.avia-image-container.av-1soc7u0-b6a81c2e76c6af0ac872827203dad27a .av-image-caption-overlay-center{\ncolor:#ffffff;\n}\n<\/style>\n<div  class='avia-image-container av-1soc7u0-b6a81c2e76c6af0ac872827203dad27a av-styling- avia-align-center  avia-builder-el-9  avia-builder-el-no-sibling '   itemprop=\"image\" itemscope=\"itemscope\" itemtype=\"https:\/\/schema.org\/ImageObject\" ><div class=\"avia-image-container-inner\"><div class=\"avia-image-overlay-wrap\"><img decoding=\"async\" fetchpriority=\"high\" class='wp-image-16147 avia-img-lazy-loading-not-16147 avia_image ' src=\"https:\/\/praeventionsguide.de\/wp-content\/uploads\/2026\/03\/PGPhys-Pflege-bald-verfuegbar.png\" alt='Bald verf\u00fcgbar: Pr\u00e4ventionsguide Physis f\u00fcr Pflege' title='PGPhys Pflege bald verfu\u0308gbar'  height=\"1340\" width=\"2400\"  itemprop=\"thumbnailUrl\" srcset=\"https:\/\/praeventionsguide.de\/wp-content\/uploads\/2026\/03\/PGPhys-Pflege-bald-verfuegbar.png 2400w, https:\/\/praeventionsguide.de\/wp-content\/uploads\/2026\/03\/PGPhys-Pflege-bald-verfuegbar-300x168.png 300w, https:\/\/praeventionsguide.de\/wp-content\/uploads\/2026\/03\/PGPhys-Pflege-bald-verfuegbar-1030x575.png 1030w, https:\/\/praeventionsguide.de\/wp-content\/uploads\/2026\/03\/PGPhys-Pflege-bald-verfuegbar-768x429.png 768w, https:\/\/praeventionsguide.de\/wp-content\/uploads\/2026\/03\/PGPhys-Pflege-bald-verfuegbar-1536x858.png 1536w, https:\/\/praeventionsguide.de\/wp-content\/uploads\/2026\/03\/PGPhys-Pflege-bald-verfuegbar-2048x1143.png 2048w, https:\/\/praeventionsguide.de\/wp-content\/uploads\/2026\/03\/PGPhys-Pflege-bald-verfuegbar-1500x838.png 1500w, https:\/\/praeventionsguide.de\/wp-content\/uploads\/2026\/03\/PGPhys-Pflege-bald-verfuegbar-705x394.png 705w\" sizes=\"(max-width: 2400px) 100vw, 2400px\" \/><\/div><\/div><\/div><\/div><div  class='hr av-1k1hsw8-9210dcfa06e7b2377c15aed041ead938 hr-big  avia-builder-el-10  el_after_av_one_half  el_before_av_textblock '><span class='hr-inner '><span class=\"hr-inner-style\"><\/span><\/span><\/div><\/p>\n\n<style type=\"text\/css\" data-created_by=\"avia_inline_auto\" id=\"style-css-av-mmafs1u4-ceb2d972b7952b073013d2ba4cbf247a\">\n#top .av_textblock_section.av-mmafs1u4-ceb2d972b7952b073013d2ba4cbf247a .avia_textblock{\ncolor:#001972;\n}\n<\/style>\n<section  class='av_textblock_section av-mmafs1u4-ceb2d972b7952b073013d2ba4cbf247a '   itemscope=\"itemscope\" itemtype=\"https:\/\/schema.org\/CreativeWork\" ><div class='avia_textblock av_inherit_color'  itemprop=\"text\" ><h1 style=\"text-align: center;\">WEITERF\u00dcHRENDE INFORMATIONEN<\/h1>\n<p style=\"text-align: center;\">Wenn Sie neu im Bereich sind, finden Sie hier weiterf\u00fchrende Informationen zu Akteuren, Leitbegriffen und Zug\u00e4ngen<\/p>\n<\/div><\/section>\n<div  class='flex_column av-mmafacdl-9fe80966432f1db84874f4da965b2e2b av_one_third  avia-builder-el-12  el_after_av_textblock  el_before_av_one_third  first flex_column_div  column-top-margin'     ><style type=\"text\/css\" data-created_by=\"avia_inline_auto\" id=\"style-css-av-mmafi9x7-001bd19c59fd54c931ad3d53012e6345\">\n.avia-image-container.av-mmafi9x7-001bd19c59fd54c931ad3d53012e6345 img.avia_image{\nbox-shadow:none;\n}\n.avia-image-container.av-mmafi9x7-001bd19c59fd54c931ad3d53012e6345 .av-image-caption-overlay-center{\ncolor:#ffffff;\n}\n<\/style>\n<div  class='avia-image-container av-mmafi9x7-001bd19c59fd54c931ad3d53012e6345 av-styling- avia-align-center  avia-builder-el-13  avia-builder-el-no-sibling '   itemprop=\"image\" itemscope=\"itemscope\" itemtype=\"https:\/\/schema.org\/ImageObject\" ><div class=\"avia-image-container-inner\"><div class=\"avia-image-overlay-wrap\"><a href=\"https:\/\/psygap.de\/portfolio-item\/karte-akteure\/\" class='avia_image' target=\"_blank\" rel=\"noopener noreferrer\" aria-label='Akteureweiss'><img decoding=\"async\" fetchpriority=\"high\" class='wp-image-16112 avia-img-lazy-loading-not-16112 avia_image ' src=\"https:\/\/praeventionsguide.de\/wp-content\/uploads\/2026\/03\/Akteureweiss.png\" alt='' title='Akteureweiss'  height=\"733\" width=\"906\"  itemprop=\"thumbnailUrl\" srcset=\"https:\/\/praeventionsguide.de\/wp-content\/uploads\/2026\/03\/Akteureweiss.png 906w, https:\/\/praeventionsguide.de\/wp-content\/uploads\/2026\/03\/Akteureweiss-300x243.png 300w, https:\/\/praeventionsguide.de\/wp-content\/uploads\/2026\/03\/Akteureweiss-768x621.png 768w, https:\/\/praeventionsguide.de\/wp-content\/uploads\/2026\/03\/Akteureweiss-495x400.png 495w, https:\/\/praeventionsguide.de\/wp-content\/uploads\/2026\/03\/Akteureweiss-845x684.png 845w, https:\/\/praeventionsguide.de\/wp-content\/uploads\/2026\/03\/Akteureweiss-705x570.png 705w\" sizes=\"(max-width: 906px) 100vw, 906px\" \/><\/a><\/div><\/div><\/div><\/div>\n<div  class='flex_column av-ze89ag-90ac635488d1c1aee5e4c870d305eb17 av_one_third  avia-builder-el-14  el_after_av_one_third  el_before_av_one_third  flex_column_div  column-top-margin'     ><style type=\"text\/css\" data-created_by=\"avia_inline_auto\" id=\"style-css-av-mmafijgt-c0bf3e642b84fade2e078d86d3b100d0\">\n.avia-image-container.av-mmafijgt-c0bf3e642b84fade2e078d86d3b100d0 img.avia_image{\nbox-shadow:none;\n}\n.avia-image-container.av-mmafijgt-c0bf3e642b84fade2e078d86d3b100d0 .av-image-caption-overlay-center{\ncolor:#ffffff;\n}\n<\/style>\n<div  class='avia-image-container av-mmafijgt-c0bf3e642b84fade2e078d86d3b100d0 av-styling- avia-align-center  avia-builder-el-15  avia-builder-el-no-sibling '   itemprop=\"image\" itemscope=\"itemscope\" itemtype=\"https:\/\/schema.org\/ImageObject\" ><div class=\"avia-image-container-inner\"><div class=\"avia-image-overlay-wrap\"><a href=\"https:\/\/psygap.de\/portfolio-item\/leitbegriffe\/\" class='avia_image' target=\"_blank\" rel=\"noopener noreferrer\" aria-label='Leitbegriffeweiss'><img decoding=\"async\" fetchpriority=\"high\" class='wp-image-16113 avia-img-lazy-loading-not-16113 avia_image ' src=\"https:\/\/praeventionsguide.de\/wp-content\/uploads\/2026\/03\/Leitbegriffeweiss.png\" alt='' title='Leitbegriffeweiss'  height=\"733\" width=\"907\"  itemprop=\"thumbnailUrl\" srcset=\"https:\/\/praeventionsguide.de\/wp-content\/uploads\/2026\/03\/Leitbegriffeweiss.png 907w, https:\/\/praeventionsguide.de\/wp-content\/uploads\/2026\/03\/Leitbegriffeweiss-300x242.png 300w, https:\/\/praeventionsguide.de\/wp-content\/uploads\/2026\/03\/Leitbegriffeweiss-768x621.png 768w, https:\/\/praeventionsguide.de\/wp-content\/uploads\/2026\/03\/Leitbegriffeweiss-495x400.png 495w, https:\/\/praeventionsguide.de\/wp-content\/uploads\/2026\/03\/Leitbegriffeweiss-845x684.png 845w, https:\/\/praeventionsguide.de\/wp-content\/uploads\/2026\/03\/Leitbegriffeweiss-705x570.png 705w\" sizes=\"(max-width: 907px) 100vw, 907px\" \/><\/a><\/div><\/div><\/div><\/div>\n<div  class='flex_column av-o7vio8-f53213f44e64e6ad0df696031c7e4482 av_one_third  avia-builder-el-16  el_after_av_one_third  avia-builder-el-last  flex_column_div  column-top-margin'     ><style type=\"text\/css\" data-created_by=\"avia_inline_auto\" id=\"style-css-av-mmafj9ru-6144c9b7072c407e0d3e230e811d9d15\">\n.avia-image-container.av-mmafj9ru-6144c9b7072c407e0d3e230e811d9d15 img.avia_image{\nbox-shadow:none;\n}\n.avia-image-container.av-mmafj9ru-6144c9b7072c407e0d3e230e811d9d15 .av-image-caption-overlay-center{\ncolor:#ffffff;\n}\n<\/style>\n<div  class='avia-image-container av-mmafj9ru-6144c9b7072c407e0d3e230e811d9d15 av-styling- avia-align-center  avia-builder-el-17  avia-builder-el-no-sibling '   itemprop=\"image\" itemscope=\"itemscope\" itemtype=\"https:\/\/schema.org\/ImageObject\" ><div class=\"avia-image-container-inner\"><div class=\"avia-image-overlay-wrap\"><a href=\"https:\/\/psygap.de\/portfolio-item\/psygap-de-portfolio-item-zugaenge-zu-praeventions-und-reha-angeboten\/\" class='avia_image' target=\"_blank\" rel=\"noopener noreferrer\" aria-label='Zug\u00e4ngeweiss'><img decoding=\"async\" fetchpriority=\"high\" class='wp-image-16114 avia-img-lazy-loading-not-16114 avia_image ' src=\"https:\/\/praeventionsguide.de\/wp-content\/uploads\/2026\/03\/Zugaengeweiss.png\" alt='' title='Zug\u00e4ngeweiss'  height=\"733\" width=\"907\"  itemprop=\"thumbnailUrl\" srcset=\"https:\/\/praeventionsguide.de\/wp-content\/uploads\/2026\/03\/Zugaengeweiss.png 907w, https:\/\/praeventionsguide.de\/wp-content\/uploads\/2026\/03\/Zugaengeweiss-300x242.png 300w, https:\/\/praeventionsguide.de\/wp-content\/uploads\/2026\/03\/Zugaengeweiss-768x621.png 768w, https:\/\/praeventionsguide.de\/wp-content\/uploads\/2026\/03\/Zugaengeweiss-495x400.png 495w, https:\/\/praeventionsguide.de\/wp-content\/uploads\/2026\/03\/Zugaengeweiss-845x684.png 845w, https:\/\/praeventionsguide.de\/wp-content\/uploads\/2026\/03\/Zugaengeweiss-705x570.png 705w\" sizes=\"(max-width: 907px) 100vw, 907px\" \/><\/a><\/div><\/div><\/div><\/div>\n","protected":false},"excerpt":{"rendered":"","protected":false},"author":4,"featured_media":0,"parent":0,"menu_order":0,"comment_status":"closed","ping_status":"closed","template":"","meta":{"inline_featured_image":false,"footnotes":""},"class_list":["post-16072","page","type-page","status-publish","hentry"],"yoast_head":"<!-- This site is optimized with the Yoast SEO plugin v27.3 - https:\/\/yoast.com\/product\/yoast-seo-wordpress\/ -->\n<title>Pr\u00e4ventionsguides - Pr\u00e4ventionsguide<\/title>\n<meta name=\"robots\" content=\"index, follow, max-snippet:-1, max-image-preview:large, max-video-preview:-1\" \/>\n<link rel=\"canonical\" href=\"https:\/\/praeventionsguide.de\/index.php\/startseite\/\" \/>\n<meta property=\"og:locale\" content=\"de_DE\" \/>\n<meta property=\"og:type\" content=\"article\" \/>\n<meta property=\"og:title\" content=\"Pr\u00e4ventionsguides - Pr\u00e4ventionsguide\" \/>\n<meta property=\"og:url\" content=\"https:\/\/praeventionsguide.de\/index.php\/startseite\/\" \/>\n<meta property=\"og:site_name\" content=\"Pr\u00e4ventionsguide\" \/>\n<meta property=\"article:modified_time\" content=\"2026-03-05T14:39:10+00:00\" \/>\n<meta name=\"twitter:card\" content=\"summary_large_image\" \/>\n<meta name=\"twitter:label1\" content=\"Gesch\u00e4tzte Lesezeit\" \/>\n\t<meta name=\"twitter:data1\" content=\"33\u00a0Minuten\" \/>\n<script type=\"application\/ld+json\" class=\"yoast-schema-graph\">{\"@context\":\"https:\\\/\\\/schema.org\",\"@graph\":[{\"@type\":\"WebPage\",\"@id\":\"https:\\\/\\\/praeventionsguide.de\\\/index.php\\\/startseite\\\/\",\"url\":\"https:\\\/\\\/praeventionsguide.de\\\/index.php\\\/startseite\\\/\",\"name\":\"Pr\u00e4ventionsguides - Pr\u00e4ventionsguide\",\"isPartOf\":{\"@id\":\"https:\\\/\\\/praeventionsguide.de\\\/#website\"},\"datePublished\":\"2026-03-02T08:31:33+00:00\",\"dateModified\":\"2026-03-05T14:39:10+00:00\",\"breadcrumb\":{\"@id\":\"https:\\\/\\\/praeventionsguide.de\\\/index.php\\\/startseite\\\/#breadcrumb\"},\"inLanguage\":\"de\",\"potentialAction\":[{\"@type\":\"ReadAction\",\"target\":[\"https:\\\/\\\/praeventionsguide.de\\\/index.php\\\/startseite\\\/\"]}]},{\"@type\":\"BreadcrumbList\",\"@id\":\"https:\\\/\\\/praeventionsguide.de\\\/index.php\\\/startseite\\\/#breadcrumb\",\"itemListElement\":[{\"@type\":\"ListItem\",\"position\":1,\"name\":\"Start\",\"item\":\"https:\\\/\\\/praeventionsguide.de\\\/index.php\\\/startseite\\\/\"},{\"@type\":\"ListItem\",\"position\":2,\"name\":\"Pr\u00e4ventionsguides\"}]},{\"@type\":\"WebSite\",\"@id\":\"https:\\\/\\\/praeventionsguide.de\\\/#website\",\"url\":\"https:\\\/\\\/praeventionsguide.de\\\/\",\"name\":\"Pr\u00e4ventionsguide\",\"description\":\"\",\"publisher\":{\"@id\":\"https:\\\/\\\/praeventionsguide.de\\\/#organization\"},\"potentialAction\":[{\"@type\":\"SearchAction\",\"target\":{\"@type\":\"EntryPoint\",\"urlTemplate\":\"https:\\\/\\\/praeventionsguide.de\\\/?s={search_term_string}\"},\"query-input\":{\"@type\":\"PropertyValueSpecification\",\"valueRequired\":true,\"valueName\":\"search_term_string\"}}],\"inLanguage\":\"de\"},{\"@type\":\"Organization\",\"@id\":\"https:\\\/\\\/praeventionsguide.de\\\/#organization\",\"name\":\"Pr\u00e4ventionsguide\",\"url\":\"https:\\\/\\\/praeventionsguide.de\\\/\",\"logo\":{\"@type\":\"ImageObject\",\"inLanguage\":\"de\",\"@id\":\"https:\\\/\\\/praeventionsguide.de\\\/#\\\/schema\\\/logo\\\/image\\\/\",\"url\":\"https:\\\/\\\/praeventionsguide.de\\\/wp-content\\\/uploads\\\/2024\\\/03\\\/sk-Zeichen.jpg\",\"contentUrl\":\"https:\\\/\\\/praeventionsguide.de\\\/wp-content\\\/uploads\\\/2024\\\/03\\\/sk-Zeichen.jpg\",\"width\":832,\"height\":600,\"caption\":\"Pr\u00e4ventionsguide\"},\"image\":{\"@id\":\"https:\\\/\\\/praeventionsguide.de\\\/#\\\/schema\\\/logo\\\/image\\\/\"}}]}<\/script>\n<!-- \/ Yoast SEO plugin. -->","yoast_head_json":{"title":"Pr\u00e4ventionsguides - Pr\u00e4ventionsguide","robots":{"index":"index","follow":"follow","max-snippet":"max-snippet:-1","max-image-preview":"max-image-preview:large","max-video-preview":"max-video-preview:-1"},"canonical":"https:\/\/praeventionsguide.de\/index.php\/startseite\/","og_locale":"de_DE","og_type":"article","og_title":"Pr\u00e4ventionsguides - Pr\u00e4ventionsguide","og_url":"https:\/\/praeventionsguide.de\/index.php\/startseite\/","og_site_name":"Pr\u00e4ventionsguide","article_modified_time":"2026-03-05T14:39:10+00:00","twitter_card":"summary_large_image","twitter_misc":{"Gesch\u00e4tzte Lesezeit":"33\u00a0Minuten"},"schema":{"@context":"https:\/\/schema.org","@graph":[{"@type":"WebPage","@id":"https:\/\/praeventionsguide.de\/index.php\/startseite\/","url":"https:\/\/praeventionsguide.de\/index.php\/startseite\/","name":"Pr\u00e4ventionsguides - Pr\u00e4ventionsguide","isPartOf":{"@id":"https:\/\/praeventionsguide.de\/#website"},"datePublished":"2026-03-02T08:31:33+00:00","dateModified":"2026-03-05T14:39:10+00:00","breadcrumb":{"@id":"https:\/\/praeventionsguide.de\/index.php\/startseite\/#breadcrumb"},"inLanguage":"de","potentialAction":[{"@type":"ReadAction","target":["https:\/\/praeventionsguide.de\/index.php\/startseite\/"]}]},{"@type":"BreadcrumbList","@id":"https:\/\/praeventionsguide.de\/index.php\/startseite\/#breadcrumb","itemListElement":[{"@type":"ListItem","position":1,"name":"Start","item":"https:\/\/praeventionsguide.de\/index.php\/startseite\/"},{"@type":"ListItem","position":2,"name":"Pr\u00e4ventionsguides"}]},{"@type":"WebSite","@id":"https:\/\/praeventionsguide.de\/#website","url":"https:\/\/praeventionsguide.de\/","name":"Pr\u00e4ventionsguide","description":"","publisher":{"@id":"https:\/\/praeventionsguide.de\/#organization"},"potentialAction":[{"@type":"SearchAction","target":{"@type":"EntryPoint","urlTemplate":"https:\/\/praeventionsguide.de\/?s={search_term_string}"},"query-input":{"@type":"PropertyValueSpecification","valueRequired":true,"valueName":"search_term_string"}}],"inLanguage":"de"},{"@type":"Organization","@id":"https:\/\/praeventionsguide.de\/#organization","name":"Pr\u00e4ventionsguide","url":"https:\/\/praeventionsguide.de\/","logo":{"@type":"ImageObject","inLanguage":"de","@id":"https:\/\/praeventionsguide.de\/#\/schema\/logo\/image\/","url":"https:\/\/praeventionsguide.de\/wp-content\/uploads\/2024\/03\/sk-Zeichen.jpg","contentUrl":"https:\/\/praeventionsguide.de\/wp-content\/uploads\/2024\/03\/sk-Zeichen.jpg","width":832,"height":600,"caption":"Pr\u00e4ventionsguide"},"image":{"@id":"https:\/\/praeventionsguide.de\/#\/schema\/logo\/image\/"}}]}},"jetpack-related-posts":[],"jetpack_sharing_enabled":true,"_links":{"self":[{"href":"https:\/\/praeventionsguide.de\/index.php\/wp-json\/wp\/v2\/pages\/16072","targetHints":{"allow":["GET"]}}],"collection":[{"href":"https:\/\/praeventionsguide.de\/index.php\/wp-json\/wp\/v2\/pages"}],"about":[{"href":"https:\/\/praeventionsguide.de\/index.php\/wp-json\/wp\/v2\/types\/page"}],"author":[{"embeddable":true,"href":"https:\/\/praeventionsguide.de\/index.php\/wp-json\/wp\/v2\/users\/4"}],"replies":[{"embeddable":true,"href":"https:\/\/praeventionsguide.de\/index.php\/wp-json\/wp\/v2\/comments?post=16072"}],"version-history":[{"count":12,"href":"https:\/\/praeventionsguide.de\/index.php\/wp-json\/wp\/v2\/pages\/16072\/revisions"}],"predecessor-version":[{"id":16161,"href":"https:\/\/praeventionsguide.de\/index.php\/wp-json\/wp\/v2\/pages\/16072\/revisions\/16161"}],"wp:attachment":[{"href":"https:\/\/praeventionsguide.de\/index.php\/wp-json\/wp\/v2\/media?parent=16072"}],"curies":[{"name":"wp","href":"https:\/\/api.w.org\/{rel}","templated":true}]}}